{"id":36,"date":"2013-09-02T21:21:12","date_gmt":"2013-09-02T19:21:12","guid":{"rendered":"http:\/\/budo-seishin.ro\/?page_id=36"},"modified":"2013-09-12T22:26:13","modified_gmt":"2013-09-12T20:26:13","slug":"budo-seishin","status":"publish","type":"page","link":"http:\/\/budo-seishin.ro\/?page_id=36","title":{"rendered":"Budo Seishin"},"content":{"rendered":"<div id=\"plm\">\n<h3><span style=\"color: #000000;\"><strong><span style=\"font-family: arial,helvetica,sans-serif; font-size: small;\">Geneza Budo\u00a0Seishin<\/span><\/strong><\/span><\/h3>\n<p><span style=\"font-family: arial,helvetica,sans-serif; font-size: small; color: #000000;\">Dup\u0103 un studiu de aproape 15 ani \u00een diverse stiluri de lupt\u0103, \u00eencep\u00e2nd cu box \u015fi continu\u00e2nd cu judo, ju-jitsu, karate, wu-shu, aikido, kendo, aiki-jutsu etc, \u00een 10 Martie 1992, shihan DORU GALAN, avea s\u0103 \u00eenfiin\u0163eze Clubul de Arte Mar\u0163iale SINSEISHIN. \u201eSINSEISHIN\u201d (Spirit Nou) \u2013 dorea s\u0103 devin\u0103 un club etalon \u00een lumea artelor mar\u0163iale din Rom\u00e2nia de dup\u0103 1989, aduc\u00e2nd \u00een acela\u015fi timp un suflu nou \u00een mi\u015fcarea Ju-Jitsu-lui de la noi.<\/span><\/p>\n<p><span style=\"font-family: arial,helvetica,sans-serif; font-size: small; color: #000000;\">Elev direct al regretatului p\u0103rinte al Ju-Jitsu-lui din Rom\u00e2nia \u2013 Shihan ALOIS GURSKI, studiind \u00een acela\u015fi timp cu mai mul\u0163i discipoli avansa\u0163i ai Maestrului Gurski, des\u0103v\u00e2r\u015findu-\u015fi m\u0103iestria \u015fi sub bagheta altor mae\u015ftri str\u0103ini sau autohtoni, Shihan Doru Galan a remarcat lipsa de tr\u0103ire \u015fi implicare profund\u0103 a unora \u00een arta sus\u0163inut\u0103 \u015fi predat\u0103 de mentorul lor cu mult\u0103 d\u0103ruire, pasiune \u015fi profesionalism, \u00eencerc\u00e2nd o profund\u0103 dezam\u0103gire.<\/span><\/p>\n<p><span style=\"font-family: arial,helvetica,sans-serif; font-size: small; color: #000000;\">Astfel, \u00een 1992, cu acordul \u015fi sprijinul B\u0103tr\u00e2nului Maestru \u2013 pe care \u015fi \u00een prezent, ca un simbol al \u00een\u0163elepciunii \u015fi umanismului, de care a dat dovad\u0103 \u00een orice conjunctur\u0103 ca \u015fi omagiului adus v\u00e2rstei, noi continu\u0103m s\u0103-i spunem \u201eB\u0103tr\u00e2nul\u201d, a luat fiin\u0163\u0103 Clubul de Arte Mar\u0163iale Sinseishin.<\/span><\/p>\n<p><span style=\"font-family: arial,helvetica,sans-serif; font-size: small; color: #000000;\">Obiectivul principal al clubului, este consemnat \u00een articolul 4 al statutului, \u015fi nu este doar o formalitate pentru a dob\u00e2ndi avizurile legale de func\u0163ionare ci o activitate perpetu\u0103, viz\u00e2nd \u201e\u2026contribu\u0163ia activ\u0103 \u015fi eficient\u0103 la dezvoltarea activit\u0103\u0163ii de practicare a artelor mar\u0163iale \u2013 a JU- JITSU -lui \u00een special \u2026\u201d<\/span><\/p>\n<p><span style=\"font-family: arial,helvetica,sans-serif; font-size: small; color: #000000;\">Dac\u0103 \u00eenceputul a fost \u2013 ca orice \u00eenceput \u2013 un pic greoi \u015fi ezitant, nou creatul club Sinseishin \u015fi-a croit drum destul de repede \u00een h\u0103\u0163i\u015ful \u2013 dezonorant \u015fi sus\u0163inut artificial de o serie de \u201ebinevoitori\u201d- din lumea artelor mar\u0163iale de la noi.<\/span><\/p>\n<p><span style=\"font-family: arial,helvetica,sans-serif; font-size: small; color: #000000;\">In primele trei s\u0103pt\u0103m\u00e2ni de la creare a fost un singur membru oficial: \u015etefanu\u0163 \u2013 fiul maestrului \u00een v\u00e2rst\u0103 de \u015fapte ani. Apoi totul a decurs normal; \u00eentr-o lun\u0103 au fost 20, a doua lun\u0103 35 etc., cresc\u00e2nd \u015fi men\u0163in\u00e2ndu-se constant un num\u0103r de membrii care puteau suporta\/accepta rigorile unui antrenament destul de dur\/greu.<\/span><\/p>\n<p><span style=\"font-family: arial,helvetica,sans-serif; font-size: small; color: #000000;\">\u00cenc\u0103 de la creare \u015fi p\u00e2n\u0103 \u00een prezent, preocuparea central\u0103 a stafului tehnic al clubului a fost de a cre\u015fte continuu calitatea antrenamentelor, viz\u00e2nd cele dou\u0103 laturi distincte:<\/span><br \/>\n<span style=\"font-family: arial,helvetica,sans-serif; font-size: small; color: #000000;\"> latura tradi\u0163ional\u0103 de practicare a Ju-Jitsu \u2013 lui (\u00een special);<\/span><br \/>\n<span style=\"font-family: arial,helvetica,sans-serif; font-size: small; color: #000000;\"> latura competi\u0163ional\u0103.<\/span><\/p>\n<p><span style=\"font-family: arial,helvetica,sans-serif; font-size: small; color: #000000;\">A urmat una din cele mai frumoase perioade pentru existen\u0163a clubului nostru: perioada c\u00e2nd au \u00eenceput practica actualii mae\u015ftri ai clubului, mul\u0163i fondatori de noi cluburi, o perioad\u0103 plin\u0103 de urcu\u015furi \u015fi cobor\u00e2\u015furi, o perioad\u0103 \u00een care spiritul de echip\u0103 \u015fi armonia au fost constituit elementul definitoriu.<\/span><\/p>\n<p><span style=\"font-family: arial,helvetica,sans-serif; font-size: small; color: #000000;\">A fost perioada c\u00e2nd B\u0103tr\u00e2nul era al\u0103turi de noi sus\u0163in\u00e2ndu-ne moral \u015fi\/sau tehnic, sau c\u00e2nd ne corecta cu mult tact gre\u015felile \u015fi poticnelile, \u00eemb\u0103rb\u0103t\u00e2ndu-ne \u015fi reorient\u00e2ndu-ne.<\/span><\/p>\n<p><span style=\"font-family: arial,helvetica,sans-serif; font-size: small; color: #000000;\">Din p\u0103cate, inevitabilul avea s\u0103 se produc\u0103 mai repede dec\u00e2t ne a\u015fteptam: \u00een 1996, B\u0102TR\u00c2NUL nostru \u015fi al Ju-jitsu \u2013 lui rom\u00e2nesc avea s\u0103 fie chemat \u00een alt\u0103 dimensiune.<\/span><\/p>\n<p><span style=\"font-family: arial,helvetica,sans-serif; font-size: small; color: #000000;\">\u00cendurera\u0163i \u015fi \u2013 oarecum \u2013 debusola\u0163i, am g\u0103sit puterea de a continua \u00een virtutea a ceea ce budoka numesc GIRI.<\/span><\/p>\n<p><span style=\"font-family: arial,helvetica,sans-serif; font-size: small; color: #000000;\">Astfel, de la maestru la ultimul \u00eenscris \u00een registrele clubului, ne-am mobilizat pentru a ne onora maestrul \u015fi numele clubului.<\/span><\/p>\n<p><span style=\"font-family: arial,helvetica,sans-serif; font-size: small; color: #000000;\">(Re)\u00eent\u00e2lnirea cu maestrul nostru de suflet, aveam s\u0103 o facem \u00een fiecare an cu ocazia pelerinajului pe care \u00eel facem la morm\u00e2ntul lui din Media\u015f, unde, cu permisiunea familiei, am instalat o plac\u0103 comemorativ\u0103 din partea clubului nostru ca un ultim omagiu material.<\/span><\/p>\n<p><span style=\"font-family: arial,helvetica,sans-serif; font-size: small; color: #000000;\">De\u015fi, dup\u0103 dispari\u0163ia Maestrului, mi\u015fcarea de Ju-Jitsu este \u00eentr-o oarecare deriv\u0103, vechea Lig\u0103 Rom\u00e2n\u0103 de Ju-Jitsu continu\u0103 s\u0103 existe \u00een cadrul Departamentului de Ju-jitsu din cadrul FRAM.<\/span><\/p>\n<p><span style=\"font-family: arial,helvetica,sans-serif; font-size: small; color: #000000;\">Mii de practican\u0163i de ju-jitsu, reuni\u0163i \u00een cadru cluburilor care se zbat cu eternele probleme financiaro-materiale, continu\u0103 s\u0103 men\u0163in\u0103 flac\u0103ra aprins\u0103 de mentorul nostru, at\u00e2t \u00een ceea ce prive\u015fte latura tradi\u0163ional\u0103 c\u00e2t \u015fi pe cea competi\u0163ional\u0103.<\/span><\/p>\n<p><span style=\"font-family: arial,helvetica,sans-serif; font-size: small; color: #000000;\">Dup\u0103 o analiz\u0103 a activit\u0103\u0163ii pe durata unui deceniu, conducerea clubului SHINSEISHIN a considerat c\u0103 ini\u0163ialul \u201eSpirit Nou\u201d ar trebui s\u0103 se transforme \u00een ceva mai profund \u015fi mai elevat; astfel, \u00een 2001, \u00eentreaga suflare a clubului a hot\u0103r\u00e2t schimbarea denumirii \u00een Clubul de Arte Mar\u0163iale BUDO-SEISHIN (\u201eSpiritul Lupt\u0103torului\u201d), consider\u00e2nd c\u0103 un spirit puternic \u2013 specific vechilor lupt\u0103tori \u2013 poate sus\u0163ine o lupt\u0103 continu\u0103, interminabil\u0103, cu colegi de concurs, cu rigorile vie\u0163ii \u015fi mai ales CU TINE \u00ceNSU\u0162I.<\/span><\/p>\n<p><span style=\"font-family: arial,helvetica,sans-serif; font-size: small; color: #000000;\">\u00cen acela\u015fi timp, copii de alt\u0103dat\u0103 \u00eenscri\u015fi \u00een club, erau acum mae\u015ftri de arte mar\u0163iale, cadre didactice sau absolven\u0163i de \u00eenv\u0103\u0163\u0103m\u00e2nt superior, famili\u015fti sau persoane de baz\u0103 \u00een diverse structuri ale statului.<\/span><\/p>\n<p><span style=\"font-family: arial,helvetica,sans-serif; font-size: small; color: #000000;\">Iat\u0103 deci, c\u00e2teva considerente pentru care fostul club SINSEISHIN s-a transformat \u00een Clubul de Arte Mar\u0163iale BUDO-SEISHIN.<\/span><\/p>\n<p><span style=\"font-family: arial,helvetica,sans-serif; font-size: small; color: #000000;\">\u015ei \u00een prezent, avem onoarea \u015fi bucuria s\u0103 avem \u00een cadrul clubului ca membri activi, de onoare sau simpatizan\u0163i de la copii de gr\u0103dini\u0163\u0103, elevi, liceeni, sau studen\u0163i la persoane afirmate social ca profesori, juri\u015fti, cadre universitare, oameni de afaceri etc.<\/span><\/p>\n<p><span style=\"font-family: arial,helvetica,sans-serif; font-size: small; color: #000000;\">Datorit\u0103 rezultatelor competi\u0163ionale de invidiat, Lotul reprezentativ al Rom\u00e2niei, este completat \u00een mod frecvent cu sportivi proveni\u0163i din cadrul clubului nostru. Acest lucru ne onoreaz\u0103 dar ne \u015fi oblig\u0103 s\u0103 ne amelior\u0103m continuu preg\u0103tirea, pentru a fi demni de \u00eencrederea acordat\u0103.<\/span><\/p>\n<p><span style=\"font-family: arial,helvetica,sans-serif; font-size: small; color: #000000;\">Peste tot \u015fi to\u0163i \u00eens\u0103, bunul Dumnezeu ne-a binecuv\u00e2ntat cu un dar nepre\u0163uit: armonia (wa) \u015fi prietenia!<\/span><\/p>\n<p><span style=\"font-family: arial,helvetica,sans-serif; font-size: small; color: #000000;\">Orice nou\u0103 aderare sau \u00eencercare de sondaj a universului clubului nostru trebuie s\u0103 fie sus\u0163inut\u0103 de argumente solide ca: moralitate exemplar\u0103, bun\u0103voin\u0163\u0103, perseveren\u0163\u0103, \u00een\u0163elegere \u015fi altruism.<\/span><\/p>\n<p><span style=\"font-family: arial,helvetica,sans-serif; font-size: small; color: #000000;\">Restul r\u0103m\u00e2ne \u00een seama devizei noastre de \u201ca fi\u201d \u015fi de lucru:<\/span><br \/>\n<span style=\"font-family: arial,helvetica,sans-serif; font-size: small; color: #000000;\"> \u201cCei slabi vor deveni puternici<\/span><br \/>\n<span style=\"font-family: arial,helvetica,sans-serif; font-size: small; color: #000000;\"> Cei timizi vor deveni curajo\u015fi!\u201d<\/span><\/p>\n<\/div>\n<p><span style=\"font-family: arial,helvetica,sans-serif; font-size: small; color: #000000;\">\u00a0<a class=\"alignright\" href=\"#header\"><span style=\"color: #000000;\">Sus<\/span><\/a><\/span><\/p>\n\n","protected":false},"excerpt":{"rendered":"<p>Geneza Budo\u00a0Seishin Dup\u0103 un studiu de aproape 15 ani \u00een diverse stiluri de lupt\u0103, \u00eencep\u00e2nd cu box \u015fi continu\u00e2nd cu judo, ju-jitsu, karate, wu-shu, aikido, kendo, aiki-jutsu etc, \u00een 10 Martie 1992, shihan DORU GALAN, avea s\u0103 \u00eenfiin\u0163eze Clubul de Arte Mar\u0163iale SINSEISHIN. \u201eSINSEISHIN\u201d (Spirit Nou) \u2013 dorea s\u0103 devin\u0103<a href=\"http:\/\/budo-seishin.ro\/?page_id=36\" class=\"read-more\">Read More<\/a><\/p>\n","protected":false},"author":1,"featured_media":0,"parent":0,"menu_order":3,"comment_status":"closed","ping_status":"closed","template":"","meta":{"footnotes":""},"class_list":["post-36","page","type-page","status-publish","hentry","gallery-content-unit"],"_links":{"self":[{"href":"http:\/\/budo-seishin.ro\/index.php?rest_route=\/wp\/v2\/pages\/36","targetHints":{"allow":["GET"]}}],"collection":[{"href":"http:\/\/budo-seishin.ro\/index.php?rest_route=\/wp\/v2\/pages"}],"about":[{"href":"http:\/\/budo-seishin.ro\/index.php?rest_route=\/wp\/v2\/types\/page"}],"author":[{"embeddable":true,"href":"http:\/\/budo-seishin.ro\/index.php?rest_route=\/wp\/v2\/users\/1"}],"replies":[{"embeddable":true,"href":"http:\/\/budo-seishin.ro\/index.php?rest_route=%2Fwp%2Fv2%2Fcomments&post=36"}],"version-history":[{"count":2,"href":"http:\/\/budo-seishin.ro\/index.php?rest_route=\/wp\/v2\/pages\/36\/revisions"}],"predecessor-version":[{"id":114,"href":"http:\/\/budo-seishin.ro\/index.php?rest_route=\/wp\/v2\/pages\/36\/revisions\/114"}],"wp:attachment":[{"href":"http:\/\/budo-seishin.ro\/index.php?rest_route=%2Fwp%2Fv2%2Fmedia&parent=36"}],"curies":[{"name":"wp","href":"https:\/\/api.w.org\/{rel}","templated":true}]}}