{"id":170,"date":"2013-10-15T13:10:08","date_gmt":"2013-10-15T11:10:08","guid":{"rendered":"http:\/\/budo-seishin.ro\/?page_id=170"},"modified":"2018-03-20T23:23:49","modified_gmt":"2018-03-20T21:23:49","slug":"pagina-practicantului","status":"publish","type":"page","link":"http:\/\/budo-seishin.ro\/?page_id=170","title":{"rendered":"Pagina practicantului"},"content":{"rendered":"<p><strong><span style=\"font-size: 14pt;\">Culorile si Semnificatia Centurii<\/span><\/strong><\/p>\n<p>\u00cen cadrul clubului nostru, am adoptat trei tipuri de grada\u0163ii<\/p>\n<ul>\n<li>grada\u0163ii MON \u2013 pentru copii 4 \u2013 8 ani,<\/li>\n<li>grada\u0163ii KYU (centuri colorate) \u2013 de la centura galben\u0103 la centura maro,<\/li>\n<li>grada\u0163ii DAN (centura neagr\u0103)<\/li>\n<li>grada\u0163ii DAN SUPERIOARE (centura alb-ro\u015fie, peste 5 Dan)<\/li>\n<\/ul>\n<p>Centura unui practicant se dob\u00e2nde\u015fte \u2013 de regul\u0103 \u2013 dup\u0103 trecerea unui examen de grad, \u015fi reprezint\u0103, pe l\u00e2ng\u0103 recunoa\u015fterea unui anumit nivel tehnic, \u015fi dovada unei \u00eenalte \u0163inute spirituale. De aceea, centura este singurul accesoriu care nu se spal\u0103 niciodat\u0103, f\u0103c\u00e2nd [\u015fi] \u00een acest mod , dovada muncii \u015fi perseveren\u0163ei \u00een antrenamente.<\/p>\n<p>Pentru o mai bun\u0103 apreciere a valorii culorii centurilor, vom sublinia semnifica\u0163ia fiec\u0103rei culori, care \u2013 dup\u0103 cum vom vedea \u2013 nu a fost stabilit\u0103 aleatoriu:<\/p>\n<p><strong>Grada\u0163ia MON (\u201epoart\u0103\u201d)<\/strong> &#8211; este caracteristic\u0103 copiilor (de la 4-5 ani p\u00e2n\u0103 la \u2013 dup\u0103 unele \u015fcoli &#8211; 8-12 ani). Este reprezentat\u0103 de trese galbene (sau ro\u015fii \u00een Judo) \u00een num\u0103r de 5, ata\u015fate la distan\u0163a de un centimetru unele de altele pe capetele centurii albe ( \u00een Judo numai pe cap\u0103tul din dreapta), reprezent\u00e2nd cinci trepte de preg\u0103tire. Simbolul acestor grade este asem\u0103n\u0103tor razelor de soare care st\u0103bat timid linia orizontului \u00eentr-o diminea\u0163\u0103 de prim\u0103var\u0103. De\u015fi este perioada test\u0103rilor \u015fi acomod\u0103rilor, micii ju-jitsu-ka trebuie s\u0103 fac\u0103 dovada asimil\u0103rii unor cuno\u015ftin\u0163e tehnice \u015fi deprinderi \u00een func\u0163ie de v\u00e2rst\u0103 \u015fi posibilit\u0103\u0163i psiho-fizice. \u00cencuraj\u0103rile \u015fi aprecierile (chiar \u015fi un pic exagerate) din aceast\u0103 perioad\u0103 de studiu sunt mai mult dec\u00e2t binevenite. Acordarea grada\u0163iilor \u201cMON\u201ddse se face la 3-6 luni, uneori mai pu\u0163in sau mai mult, func\u0163ie de aptitudinile practican\u0163ilor, stabilite \u00een urma [mini]examenelor de grad.<\/p>\n<p><strong>Centura alb\u0103 (Kyu 6)<\/strong> &#8211; simbolizeaz\u0103 inocen\u0163a, pacea, o stare a min\u0163ii \u015fi spiritului \u201elipsite de expresie\u201d, culoarea \u00eenceputului. De\u015fi \u00een unele \u015fcoli este necesar sus\u0163inerea unui examen pentru ob\u0163inerea ei, noi suntem de p\u0103rere c\u0103 aceasta ar trebui acordat\u0103 \u201edin oficiu\u201d, consider\u00e2nd c\u0103, oricare dintre noi am fost capacita\u0163i din faza embrional\u0103 cu unele cuno\u015ftin\u0163e care sunt \u2013 de cele mai multe ori \u2013 privite cu simpatie; prin urmare, dac\u0103 aceste cuno\u015ftin\u0163e ne-au fost d\u0103ruite, trebuie s\u0103 muncim pentru a le perfec\u0163iona , \u201eacord\u00e2nduni-se \u015fansa unei perioade de studiu\u201d f\u0103r\u0103 a \u00eencepe studiul budo cu demonstrarea unor abilit\u0103\u0163i care urmeaz\u0103 a fi formate.<\/p>\n<p><strong>Centura galben\u0103\/auriu (Kyu 5)<\/strong> &#8211; simbolizeaz\u0103 culoarea \u201esoarelui r\u0103sare\u201d, starea unui \u201espirit nou\u201d deschis cunoa\u015fterii, fragilitate, setea de cunoa\u015ftere \u015fi cuprindere a c\u00e2tor mai multe cuno\u015ftin\u0163e, aidoma focului care, odat\u0103 \u201epornit\u201d manifest\u0103 o dorin\u0163\u0103 nest\u0103vilit\u0103 de a mistui tot ce-i iese \u00een cale. Pentru ob\u0163inerea acestei centuri este necesar\u0103 o perioad\u0103 de studiu variind \u00eentre 3 \u015fi 12 luni uneori mai mult sau mai pu\u0163in, \u00een func\u0163ie de dorin\u0163a de progres manifestat\u0103 de practicant \u015fi aptitudinile dovedite \u00een programul de antrenament.<\/p>\n<p><strong>Centura portocalie (Kyu 4)<\/strong> &#8211; simbolizeaz\u0103 culoarea soarelui la zenit, starea unui spirit \u201ecopt\u201d, capabil de mai mult\u0103 \u00een\u0163elegere \u015fi acceptare a rigorilor antrenamentelor, fiind caracteristic\u0103 unui \u201e\u00eenceput de maturitate\u201d pe t\u0103r\u00e2mul artelor mar\u0163iale. Reprezint\u0103 \u2013 de cele mai multe ori \u2013 un nou \u00eenceput, dar \u015fi \u201efini\u015ful\u201d \u00een acest domeniu al spiretelor slabe, nehot\u0103r\u00e2te. Aceasta deoarece, acum antrenamentele pot cre\u015fte \u00een intensitate \u015fi cerin\u0163e de \u00eendeplinit, \u015fi necesit\u0103 \u00eentre 12 \u015fi 18 sau chiar mai multe luni de practic\u0103 perseverent\u0103.<\/p>\n<p><strong>Centura verde (Kyu 3)<\/strong> &#8211; simbolizeaz\u0103 culoarea general\u0103 a vegeta\u0163iei, starea unui spirit care \u00eencepe s\u0103 \u201edea roade\u201d dup\u0103 antrenamentele intense de p\u00e2n\u0103 acum. Odat\u0103 cu \u00eenchiderea la culoare a centurii, orice practicant trebuie s\u0103 fac\u0103 dovada acumul\u0103rilor psiho-fizico-morale caracteristice practican\u0163ilor de arte mar\u0163iale.<br \/>\nPentru dob\u00e2ndirea acestei grada\u0163ii este necesar\u0103 o practic\u0103 de minim 18 \u2013 24 de luni, func\u0163ie de v\u00e2rst\u0103 \u015fi cuno\u015ftin\u0163e teoretico-practice.<\/p>\n<p><strong>Centura albastr\u0103 (Kyu 2)<\/strong> simbolizeaz\u0103 culoarea cerului \u015fi oceanului, cu tot zbuciumul caracteristic am\u00e2ndorura. Este centura prin care orice budoka care \u00eendepline\u015fte anumite cerin\u0163e de v\u00e2rst\u0103 \u015fi preg\u0103titre tehnico &#8211; tactico \u2013 psihic\u0103 poate avea \u015fansa de a ascede spre cerin\u0163ele necesare unui instructor sportiv. Totodat\u0103, aceast\u0103 grada\u0163ie este cea mai periculoas\u0103 &#8211; vis-a-vis de viitorul budoka \u00eentre A FI \u015fi A NU FI ! Aici \u015fi acum se pierd destul de mul\u0163i practican\u0163i, ca urmare a cre\u015fterii rigurozit\u0103\u0163ii pe toate planurile a antrenamentelor de preg\u0103tire.<br \/>\nDac\u0103 se dep\u0103\u015fe\u015fte aceast\u0103 barier\u0103, atunci &#8211; de regul\u0103 \u2013 se poate vorbi despre o viitoare YUDANSHA (centur\u0103 neagr\u0103).<br \/>\nPerioada minim\u0103 de 30-36 de luni de munc\u0103 intens\u0103, ar putea constitui garan\u0163ia dob\u00e2ndirii unor abilit\u0103\u0163i necesare acestei grada\u0163ii.<\/p>\n<p><strong>Centura maro (Kyu 1)<\/strong> &#8211; fiind la fel ca \u015fi culoare p\u0103m\u00e2ntului care este solid, ferm, fertil etc, denot\u0103 un spirit matur din toate punctele de vedere. Acum este din ce \u00een ce mai pregnant\u0103 dorin\u0163a de afirmare ca individualitate \u00een arte mar\u0163iale.<br \/>\nPentru a ajunge aici, budoka a parcurs un drum lung (michi) , materializat \u00eentr-o munc\u0103 sus\u0163inut\u0103 pe parcursul a peste 30-36 de luni. \u015ei aici spiritul, dorin\u0163a de cunoa\u015ftere \u015fi autodep\u0103\u015fire a propriilor limite \u00ee\u015fi poate pune amprenta pe durata perioadei de preg\u0103tire .<\/p>\n<p><strong>Centura neagr\u0103 &#8211; Clasa DAN<\/strong> &#8211; reprezint\u0103 \u201ereunirea\u201d tuturor culorilor, reunire materializat\u0103 \u00eentr-o stare a min\u0163ii \u015fi spiritului mai puternic\u0103 \u015fi \u00een\u0163eleg\u0103toare (tolerant\u0103 !, ca urmare a acumul\u0103rilor de p\u00e2n\u0103 acum), experien\u0163\u0103 \u015fi maturitate mar\u0163ial\u0103, \u00een\u0163elegerea valorilor umane \u015fi universale etc.<br \/>\nC\u00e2nd se cade \u00een extrema p\u0103r\u0163ii negative, centura neagr\u0103 reprezint\u0103 culoarea nop\u0163ii, a \u00eentunericului \u015fi obscurului. Aceast\u0103 \u201ec\u0103dere\u201d nu este de dorit, \u00eentruc\u00e2t acumul\u0103rile tehnice (\u015fi nu numai) de p\u00e2n\u0103 acum pot fi folosite \u00een scopuri negative.<br \/>\nPentru dob\u00e2ndirea acestei centuri sunt necesare minim 48 de luni, exist\u00e2nd \u015fi cazuri de excep\u0163ie, care pot beneficia de o reducere sau m\u0103rire a stagiaturii.<\/p>\n<p><strong>Centura alb-ro\u015fie<\/strong> (purtat\u0103 de grada\u0163iile de peste 5 DAN), simbolizeaz\u0103, puritatea spiritului, absen\u0163a egoismului, aprecierea mai profund\u0103 a valorilor vie\u0163ii \u015fi a celor mar\u0163iale, eliminarea orgoliilor false etc.<br \/>\nEste o centur\u0103 care necesit\u0103 transformarea studiului mar\u0163ial \u00eentr-un mod de via\u0163\u0103.<br \/>\nNecesit\u0103 o practic\u0103 \u00eendelungat\u0103 \u015fi o continu\u0103 dorin\u0163\u0103 de progres a celor de l\u00e2ng\u0103 tine. Este culoarea care \u00eembin\u0103 puterea spiritului focului devastator cu pacea impus\u0103 de neant (culoarea alb\u0103). \u00cembinarea \u015fi contopirea acestor dou\u0103 culori trebuie s\u0103 creeze imaginea unui spirit eliberat de meschin\u0103riile omene\u015fti, falsitatea, pref\u0103c\u0103toria \u015fi lingu\u015feala etc. cre\u00e2nd imagine muntelui FUJI proiectat\u0103 pe cerul azuriu al Japoniei !<\/p>\n<p><strong>Centura ALB\u0102 &#8211; DUBLU LAT\u0102<\/strong> \u2013 reprezint\u0103 culmea suprem\u0103 \u00een arte mar\u0163iale. De regul\u0103 este atribuit\u0103 grada\u0163iilor de peste 9 DAN, fondatorilor de stiluri \u015fi\/sau \u015fcoli, celor care \u015fi-au dedicat \u00eentrega via\u0163\u0103 artelor mar\u0163iale.<br \/>\nSimbolizeaz\u0103 \u00eentoarcerea la origini, \u00een ideea c\u0103, s-a \u00eenceput studiul cu centura alb\u0103 \u015fi se termin\u0103 tot cu aceia\u015fi culoare. Ce calit\u0103\u0163i are o asemenea grada\u0163ie, consider\u0103m c\u0103 orice subliniere ar fi mai mult dec\u00e2t inutil\u0103.<\/p>\n<p>&nbsp;<\/p>\n<p><span style=\"font-size: 14pt;\"><strong>Sensurile centurii<\/strong><\/span><\/p>\n<p>\u00cencheiem considera\u0163iile legate despre importan\u0163a acestui accesoriu budo [OBI &#8211; centura], punct\u00e2nd dou\u0103 aspecte ale sensului centurii, aspecte care \u0163in de maturitatea spiritual\u0103 a practicantului.<\/p>\n<p>&#8211; Primul aspect se refer\u0103 la lungimea centurii, care simbolizeaz\u0103 drumul parcurs de budoka pentru a pleca de la centura alb\u0103 \u015fi a ajunge la \u2026 centura ALB\u0102 [eventual] dublu lat\u0103. Acest prim sens este con\u015ftienticizat atunci c\u00e2nd budoka \u00ee\u015fi \u00eemprejmuie\u015fte talia cu centura, trec\u00e2nd-o prin palmele sale;<\/p>\n<p>&#8211; Al doilea aspect se refer\u0103 la modul concentric \u00een care centura \u00eenf\u0103\u015foar\u0103 talia de dou\u0103 ori (\u00een mod uzual), dup\u0103 care se leag\u0103 \u00eentr-un nod plat dreptul punctului energetic \u201etanden\u201d deasupra centrului energetic \u201eSeika \u2013 tanden sau Seika-noiten-casa KI -ului\u201d(a se [re]vedea subcapitolull \u201eKyusho\u201d).<\/p>\n<p>Aceast\u0103 simbolistic\u0103 plaseaz\u0103 micul univers \u2013 OMUL ca budoka &#8211; \u00een mijlocul MARELUI UNIVERS, cre\u00e2nd astfel armonia cu OMUL ca parte integrant\u0103 a eternit\u0103\u0163ii.<\/p>\n<p>Ca budoka, OMUL trebuie s\u0103 se st\u0103duiasc\u0103 s\u0103 dep\u0103\u015feasc\u0103 semnifica\u0163ia occidental\u0103 a artelor mar\u0163iale, potrivit c\u0103rora aceste sunt \u201earte ale r\u0103zboiului\u201d, \u015fi s\u0103 caute sensul oriental al termenului, prin care acestea sunt \u201eCALEA\u201d &#8211; michi &#8211; de parcurs pentru a ajunge la perfec\u0163iune!<\/p>\n\n","protected":false},"excerpt":{"rendered":"<p>Culorile si Semnificatia Centurii \u00cen cadrul clubului nostru, am adoptat trei tipuri de grada\u0163ii grada\u0163ii MON \u2013 pentru copii 4 \u2013 8 ani, grada\u0163ii KYU (centuri colorate) \u2013 de la centura galben\u0103 la centura maro, grada\u0163ii DAN (centura neagr\u0103) grada\u0163ii DAN SUPERIOARE (centura alb-ro\u015fie, peste 5 Dan) Centura unui practicant<a href=\"http:\/\/budo-seishin.ro\/?page_id=170\" class=\"read-more\">Read More<\/a><\/p>\n","protected":false},"author":1,"featured_media":0,"parent":214,"menu_order":2,"comment_status":"closed","ping_status":"closed","template":"","meta":{"footnotes":""},"class_list":["post-170","page","type-page","status-publish","hentry","gallery-content-unit"],"_links":{"self":[{"href":"http:\/\/budo-seishin.ro\/index.php?rest_route=\/wp\/v2\/pages\/170","targetHints":{"allow":["GET"]}}],"collection":[{"href":"http:\/\/budo-seishin.ro\/index.php?rest_route=\/wp\/v2\/pages"}],"about":[{"href":"http:\/\/budo-seishin.ro\/index.php?rest_route=\/wp\/v2\/types\/page"}],"author":[{"embeddable":true,"href":"http:\/\/budo-seishin.ro\/index.php?rest_route=\/wp\/v2\/users\/1"}],"replies":[{"embeddable":true,"href":"http:\/\/budo-seishin.ro\/index.php?rest_route=%2Fwp%2Fv2%2Fcomments&post=170"}],"version-history":[{"count":4,"href":"http:\/\/budo-seishin.ro\/index.php?rest_route=\/wp\/v2\/pages\/170\/revisions"}],"predecessor-version":[{"id":307,"href":"http:\/\/budo-seishin.ro\/index.php?rest_route=\/wp\/v2\/pages\/170\/revisions\/307"}],"up":[{"embeddable":true,"href":"http:\/\/budo-seishin.ro\/index.php?rest_route=\/wp\/v2\/pages\/214"}],"wp:attachment":[{"href":"http:\/\/budo-seishin.ro\/index.php?rest_route=%2Fwp%2Fv2%2Fmedia&parent=170"}],"curies":[{"name":"wp","href":"https:\/\/api.w.org\/{rel}","templated":true}]}}