{"id":163,"date":"2013-10-15T13:08:40","date_gmt":"2013-10-15T11:08:40","guid":{"rendered":"http:\/\/budo-seishin.ro\/?page_id=163"},"modified":"2013-10-21T13:59:38","modified_gmt":"2013-10-21T11:59:38","slug":"activitati-curente","status":"publish","type":"page","link":"http:\/\/budo-seishin.ro\/?page_id=163","title":{"rendered":"Activit\u0103\u0163i curente"},"content":{"rendered":"<p><span style=\"font-size: small; color: #000000; font-family: arial,helvetica,sans-serif;\">Statutul clubului nostru prevede implementarea binefacerilor practic\u0103rii ju-jitsu-lui la un num\u0103r c\u00e2t mai mare de doritori. Av\u00e2nd \u00een vedere acest deziderat avem diversificat\u0103 activitatea pe mai multe sec\u0163iuni, dup\u0103 cum urmeaz\u0103:<\/span><\/p>\n<p><span style=\"font-family: arial,helvetica,sans-serif; font-size: small;\"><strong><span style=\"color: #000000;\">\u00a0INI\u0162IERE COPII:<\/span><\/strong><\/span><\/p>\n<p><span style=\"font-size: small; color: #000000; font-family: arial,helvetica,sans-serif;\">grup\u0103 de antrenament, special pentru cei mici, cu v\u00e2rst\u0103 de la 4 la 12 ani cu urm\u0103toarele obiective:<\/span><\/p>\n<p><span style=\"font-size: small; color: #000000; font-family: arial,helvetica,sans-serif;\">&#8211; cultivarea armoniei \u015fi a spiritului de colegialitate;<\/span><\/p>\n<p><span style=\"font-size: small; color: #000000; font-family: arial,helvetica,sans-serif;\">&#8211; consumarea constructiv\u0103 a excesului de energie psiho-fizic\u0103 specific\u0103 acestei v\u00e2rst\u0103;<\/span><\/p>\n<p><span style=\"font-size: small; color: #000000; font-family: arial,helvetica,sans-serif;\">&#8211; ameliorarea calit\u0103\u0163ilor moral-volitive: curaj, demnitate, con\u015ftientizarea ordinei \u015fi disciplinei, spiritul de \u00eentrajutorare, dorin\u0163a de autodep\u0103\u015fire, consolidare no\u0163iunii de \u201erespect\u201d pentru partenerii de antrenament, colegii de gr\u0103dini\u0163\u0103 sau de \u015fcoal\u0103, p\u0103rin\u0163i, instructori;<\/span><\/p>\n<p><span style=\"font-size: small; color: #000000; font-family: arial,helvetica,sans-serif;\">&#8211; ameliorarea calit\u0103\u0163ilor psiho-fizice;<\/span><\/p>\n<p><span style=\"font-size: small; color: #000000; font-family: arial,helvetica,sans-serif;\">&#8211; ameliorarea calit\u0103\u0163ilor \u015fi aptitudinilor precum: capacit\u0103\u0163ile de orientare spa\u0163io-temporare, capacit\u0103\u0163ile de combinare \u015fi cuplare a mi\u015fc\u0103rilor, capacit\u0103\u0163ile de echilibru, capacitate de reac\u0163ie eficient\u0103, etc.<\/span><\/p>\n<p><span style=\"font-size: small; color: #000000; font-family: arial,helvetica,sans-serif;\">&#8211; ini\u0163iere \u00een tainele tehnicii ju-jitsu-lui specifice v\u00e2rstei;<\/span><\/p>\n<p><span style=\"font-size: small; color: #000000; font-family: arial,helvetica,sans-serif;\">&#8211; dezvoltarea capacit\u0103\u0163ilor specifice activit\u0103\u0163ii competi\u0163ionale;<\/span><\/p>\n<p><span style=\"font-size: small; color: #000000; font-family: arial,helvetica,sans-serif;\">&#8211; formarea unor deprinderi trainice specifice autoap\u0103r\u0103rii,<\/span><\/p>\n<p><span style=\"font-family: arial,helvetica,sans-serif; font-size: small;\"><span style=\"color: #000000;\">&#8211; dezvoltarea calitatilor motrice prin jocurii specifice, etc.<\/span><span style=\"color: #000000;\"><br \/>\n<\/span><\/span><\/p>\n<p><span style=\"font-family: arial,helvetica,sans-serif; font-size: small;\"><strong><span style=\"color: #000000;\">INI\u0162IERE ADOLESCEN\u0162I \u015eI ADUL\u0162I:<\/span><\/strong><\/span><\/p>\n<p><span style=\"font-size: small; color: #000000; font-family: arial,helvetica,sans-serif;\">grup\u0103 de antrenament distinct\u0103, ramp\u0103 de lansare a viitorilor tehnicieni, cu urm\u0103toarele principale obiective:<\/span><\/p>\n<p><span style=\"font-size: small; color: #000000; font-family: arial,helvetica,sans-serif;\">&#8211; consolidarea calit\u0103\u0163ilor morale \u015fi psiho-fizice;<\/span><\/p>\n<p><span style=\"font-size: small; color: #000000; font-family: arial,helvetica,sans-serif;\">&#8211; formarea, perfec\u0163ionarea \u015fi consolidarea unor priceperi \u015fi deprinderi tehnico-motrice, necesare unei autoap\u0103r\u0103ri eficente;<\/span><\/p>\n<p><span style=\"font-size: small; color: #000000; font-family: arial,helvetica,sans-serif;\">&#8211; amelionarea calit\u0103\u0163ilor specifice sportului competi\u0163ional;<\/span><\/p>\n<p><span style=\"font-size: small; color: #000000; font-family: arial,helvetica,sans-serif;\">&#8211; consolidarea unui psihic puternic, constructiv;<\/span><\/p>\n<p><span style=\"font-size: small; color: #000000; font-family: arial,helvetica,sans-serif;\">&#8211; crearea oportunit\u0103\u0163ilor de transfer pozitiv spre sfera cotidian\u0103 a deprinderilor specifice artelor mar\u0163iale;<\/span><\/p>\n<p><span style=\"font-size: small; color: #000000; font-family: arial,helvetica,sans-serif;\">&#8211; petrecerea timpului liber \u00een mod pl\u0103cut \u015fi constructiv, inclusiv prin practicarea ju-jitsu-lui;<\/span><\/p>\n<p><span style=\"font-size: small; color: #000000; font-family: arial,helvetica,sans-serif;\">&#8211; Crearea oportunit\u0103\u0163ilor de a putea ascede, datorit\u0103 preg\u0103tirii specifice, spre institu\u0163ii \u015fi activit\u0103\u0163i de interes na\u0163ional \u015fi interna\u0163ional (UNEFS- fostul ANEFS, \u015ecoala Na\u0163ional\u0103 de Antrenori, institu\u0163ii specifice MAI sau MAN etc.)<\/span><\/p>\n<p><span style=\"font-size: small; color: #000000; font-family: arial,helvetica,sans-serif;\"><b>Competi\u0163ional\u0103<\/b> \u2013 concursuri in tara si strainatete<\/span><br \/>\n<span style=\"font-size: small; color: #000000; font-family: arial,helvetica,sans-serif;\"> <b>Activit\u0103\u0163i recreative<\/b> \u2013 cantonamente la mare \u015fi la munte<\/span><br \/>\n<span style=\"font-size: small; color: #000000; font-family: arial,helvetica,sans-serif;\"> <b>Activit\u0103\u0163i de ridicare continu\u0103 a nivelului stafului tehnic<\/b> prin elaborarea unor lucr\u0103ri de cerecetare \u00een vederea ob\u0163inerii titlurilor de \u201edoctor\u201d sau \u201elicen\u0163iat\u201d \u00een domeniul Educa\u0163iei fizice \u015fi sportului, implicit \u00een arte mar\u0163ile<\/span><\/p>\n\n","protected":false},"excerpt":{"rendered":"<p>Statutul clubului nostru prevede implementarea binefacerilor practic\u0103rii ju-jitsu-lui la un num\u0103r c\u00e2t mai mare de doritori. Av\u00e2nd \u00een vedere acest deziderat avem diversificat\u0103 activitatea pe mai multe sec\u0163iuni, dup\u0103 cum urmeaz\u0103: \u00a0INI\u0162IERE COPII: grup\u0103 de antrenament, special pentru cei mici, cu v\u00e2rst\u0103 de la 4 la 12 ani cu urm\u0103toarele<a href=\"http:\/\/budo-seishin.ro\/?page_id=163\" class=\"read-more\">Read More<\/a><\/p>\n","protected":false},"author":1,"featured_media":0,"parent":214,"menu_order":1,"comment_status":"closed","ping_status":"closed","template":"","meta":{"footnotes":""},"class_list":["post-163","page","type-page","status-publish","hentry","gallery-content-unit"],"_links":{"self":[{"href":"http:\/\/budo-seishin.ro\/index.php?rest_route=\/wp\/v2\/pages\/163","targetHints":{"allow":["GET"]}}],"collection":[{"href":"http:\/\/budo-seishin.ro\/index.php?rest_route=\/wp\/v2\/pages"}],"about":[{"href":"http:\/\/budo-seishin.ro\/index.php?rest_route=\/wp\/v2\/types\/page"}],"author":[{"embeddable":true,"href":"http:\/\/budo-seishin.ro\/index.php?rest_route=\/wp\/v2\/users\/1"}],"replies":[{"embeddable":true,"href":"http:\/\/budo-seishin.ro\/index.php?rest_route=%2Fwp%2Fv2%2Fcomments&post=163"}],"version-history":[{"count":4,"href":"http:\/\/budo-seishin.ro\/index.php?rest_route=\/wp\/v2\/pages\/163\/revisions"}],"predecessor-version":[{"id":219,"href":"http:\/\/budo-seishin.ro\/index.php?rest_route=\/wp\/v2\/pages\/163\/revisions\/219"}],"up":[{"embeddable":true,"href":"http:\/\/budo-seishin.ro\/index.php?rest_route=\/wp\/v2\/pages\/214"}],"wp:attachment":[{"href":"http:\/\/budo-seishin.ro\/index.php?rest_route=%2Fwp%2Fv2%2Fmedia&parent=163"}],"curies":[{"name":"wp","href":"https:\/\/api.w.org\/{rel}","templated":true}]}}